{"id":68,"date":"2021-02-07T10:00:23","date_gmt":"2021-02-07T10:00:23","guid":{"rendered":"http:\/\/evadelasal.cat\/?page_id=68"},"modified":"2024-09-07T10:20:10","modified_gmt":"2024-09-07T10:20:10","slug":"inici","status":"publish","type":"page","link":"https:\/\/evadelasal.cat\/","title":{"rendered":""},"content":{"rendered":"\n<p class=\"has-white-color has-text-color\"><strong>Les <em>beceroles<\/em> s\u00f3n els quaderns en qu\u00e8 aprenem les primeres lletres. I diu el diccionari que tamb\u00e9 s\u00f3n els \u2018primers rudiments d\u2019una ci\u00e8ncia, d\u2019un art\u2019. Metaf\u00f2ricament, tamb\u00e9 diem \u201csom a les beceroles\u201d quan comencem una feina o un projecte, i \u00e9s en aquest sentit que sou en un blog anomenat Beceroles.<\/strong><\/p>\n\n\n\n<p class=\"has-white-color has-text-color\"><strong>La tardor del 2019 em vaig trobar a l\u2019inici d\u2019un cam\u00ed no tra\u00e7at, despr\u00e9s d\u2019haver de plegar de la feina de ling\u00fcista per una p\u00e8rdua important de visi\u00f3. Havia treballat durant anys amb les lletres i em trobava altra vegada a les beceroles. Davant meu, un territori desconegut que jo explorava amb una barreja de recan\u00e7a i fe. Encetava i deixava ocupacions i aficions noves, i ara i ad\u00e9s topava amb dificultats grans o petites que calia entomar.<\/strong><\/p>\n\n\n\n<p class=\"has-white-color has-text-color\"><strong>En aquella \u00e8poca vaig pensar molt en els inicis. Quin valor tenen els intents i les equivocacions, les imperfeccions i els esborranys? Per als infants que aprenen les beceroles, els gargots insegurs s\u00f3n la base imprescindible per assolir la destresa de l\u2019escriptura. Per\u00f2 habitualment els esfor\u00e7os de l\u2019aprenentatge s\u2019obliden quan s\u2019ha arribat a l\u2019objectiu final. En canvi jo, que em tinc per exigent i perfeccionista, sospitava que havia d\u2019aprendre precisament a conviure amb l\u2019error, amb la imperfecci\u00f3. I vaig comen\u00e7ar a veure en les beceroles un estat permanent d\u2019aprenentatge i creixement.<\/strong><\/p>\n\n\n\n<p class=\"has-white-color has-text-color\"><strong>Quan no hi veus b\u00e9, has d\u2019estimar els teus l\u00edmits: confondre objectes que tens davant del nas, no poder llegir ni escriure com feies abans i tantes altres tovalloles que has de llan\u00e7ar si vols tenir les mans lliures per agafar-te fort a una nova manera de fer.<\/strong><\/p>\n\n\n\n<p class=\"has-white-color has-text-color\"><strong>A Beceroles hi ha el reflex d\u2019alguns moments del meu dia a dia: a \u201cVisions\u201d, la pararealitat en qu\u00e8 a vegades em situen els meus ulls; a \u201cLletres\u201d, la destil\u00b7laci\u00f3 del meu amor a les paraules; i a \u201cPallars\u201d, la recuperaci\u00f3 dels meus or\u00edgens.<\/strong><\/p>\n\n\n\n<p class=\"has-text-align-right has-white-color has-text-color\">Eva de la Sal<\/p>\n","protected":false},"excerpt":{"rendered":"<p>Les beceroles s\u00f3n els quaderns en qu\u00e8 aprenem les primeres lletres. I diu el diccionari que tamb\u00e9 s\u00f3n els \u2018primers rudiments d\u2019una ci\u00e8ncia, d\u2019un art\u2019. Metaf\u00f2ricament, tamb\u00e9 diem \u201csom a les beceroles\u201d quan comencem una feina o un projecte, i<\/p>\n<p class=\"more-link\"><a href=\"https:\/\/evadelasal.cat\/\" class=\"readmore\">Continua llegint&#8230;<span class=\"screen-reader-text\"><\/span><\/a><\/p>\n","protected":false},"author":2,"featured_media":0,"parent":0,"menu_order":0,"comment_status":"closed","ping_status":"closed","template":"","meta":{"footnotes":""},"class_list":["post-68","page","type-page","status-publish","hentry"],"_links":{"self":[{"href":"https:\/\/evadelasal.cat\/index.php\/wp-json\/wp\/v2\/pages\/68","targetHints":{"allow":["GET"]}}],"collection":[{"href":"https:\/\/evadelasal.cat\/index.php\/wp-json\/wp\/v2\/pages"}],"about":[{"href":"https:\/\/evadelasal.cat\/index.php\/wp-json\/wp\/v2\/types\/page"}],"author":[{"embeddable":true,"href":"https:\/\/evadelasal.cat\/index.php\/wp-json\/wp\/v2\/users\/2"}],"replies":[{"embeddable":true,"href":"https:\/\/evadelasal.cat\/index.php\/wp-json\/wp\/v2\/comments?post=68"}],"version-history":[{"count":0,"href":"https:\/\/evadelasal.cat\/index.php\/wp-json\/wp\/v2\/pages\/68\/revisions"}],"wp:attachment":[{"href":"https:\/\/evadelasal.cat\/index.php\/wp-json\/wp\/v2\/media?parent=68"}],"curies":[{"name":"wp","href":"https:\/\/api.w.org\/{rel}","templated":true}]}}