{"id":40,"date":"2021-02-07T10:00:02","date_gmt":"2021-02-07T10:00:02","guid":{"rendered":"http:\/\/evadelasal.cat\/?page_id=40"},"modified":"2024-09-13T16:29:37","modified_gmt":"2024-09-13T16:29:37","slug":"algunes-dades-sobre-mi","status":"publish","type":"page","link":"https:\/\/evadelasal.cat\/index.php\/algunes-dades-sobre-mi\/","title":{"rendered":""},"content":{"rendered":"\n<h2 class=\"wp-block-heading\"><img loading=\"lazy\" decoding=\"async\" width=\"150\" height=\"150\" class=\"wp-image-123\" style=\"width: 150px;\" src=\"http:\/\/evadelasal.cat\/wp-content\/uploads\/2021\/02\/avatarEva.jpg\" alt=\"\" srcset=\"https:\/\/evadelasal.cat\/wp-content\/uploads\/2021\/02\/avatarEva.jpg 512w, https:\/\/evadelasal.cat\/wp-content\/uploads\/2021\/02\/avatarEva-300x300.jpg 300w, https:\/\/evadelasal.cat\/wp-content\/uploads\/2021\/02\/avatarEva-150x150.jpg 150w, https:\/\/evadelasal.cat\/wp-content\/uploads\/2021\/02\/avatarEva-70x70.jpg 70w, https:\/\/evadelasal.cat\/wp-content\/uploads\/2021\/02\/avatarEva-80x80.jpg 80w, https:\/\/evadelasal.cat\/wp-content\/uploads\/2021\/02\/avatarEva-50x50.jpg 50w\" sizes=\"auto, (max-width: 150px) 100vw, 150px\" \/>&nbsp;&nbsp;&nbsp;Qui soc<\/h2>\n\n\n\n<p class=\"has-white-color has-text-color\">Eva de la Sal \u00e9s un nom que m\u2019ha agradat de posar-me en aquesta p\u00e0gina. El meu nom \u00e9s Eva Aubarell. Soc pallaresa i vaig viure molts anys a Gerri de la Sal, poble que m\u2019ha donat el cognom fictici i que heu de visitar sens falta.<\/p>\n\n\n\n<p class=\"has-white-color has-text-color\">Vaig acabar els estudis de filologia catalana el 1994, i he tingut la sort immensa de dedicar-me a la llengua i als llibres al llarg de molts anys. He treballat com a ling\u00fcista i com a editora. Els textos han estat un medi confortable i estimulant per a mi, un motiu constant d\u2019inter\u00e8s i de diversi\u00f3. Per\u00f2 les coses han anat de tal manera que vaig haver de plegar de treballar per una malaltia degenerativa de la retina. Ara no tinc visi\u00f3 central; per sort, em defenso gr\u00e0cies a la visi\u00f3 perif\u00e8rica.<\/p>\n\n\n\n<p class=\"has-white-color has-text-color\"><\/p>\n\n\n\n<p class=\"has-white-color has-text-color\">Un agra\u00efment al meu company de vida, el Francesc Gibert. S\u2019encarrega dels aspectes t\u00e8cnics de l\u2019administraci\u00f3 del blog i, en general, em resol tot de problemes. Sense ell no hi hauria pas Beceroles.<\/p>\n\n\n\n<p class=\"has-white-color has-text-color\">Un agra\u00efment tamb\u00e9 al meu nebot Arnau, que ha fet dibuixos preciosos per al conte \u201cL\u2019esperit de la sal\u201d.<\/p>\n\n\n\n<p><\/p>\n","protected":false},"excerpt":{"rendered":"<p>&nbsp;&nbsp;&nbsp;Qui soc Eva de la Sal \u00e9s un nom que m\u2019ha agradat de posar-me en aquesta p\u00e0gina. El meu nom \u00e9s Eva Aubarell. Soc pallaresa i vaig viure molts anys a Gerri de la Sal, poble que m\u2019ha donat el<\/p>\n<p class=\"more-link\"><a href=\"https:\/\/evadelasal.cat\/index.php\/algunes-dades-sobre-mi\/\" class=\"readmore\">Continua llegint&#8230;<span class=\"screen-reader-text\"><\/span><\/a><\/p>\n","protected":false},"author":2,"featured_media":0,"parent":0,"menu_order":0,"comment_status":"closed","ping_status":"closed","template":"","meta":{"footnotes":""},"class_list":["post-40","page","type-page","status-publish","hentry"],"_links":{"self":[{"href":"https:\/\/evadelasal.cat\/index.php\/wp-json\/wp\/v2\/pages\/40","targetHints":{"allow":["GET"]}}],"collection":[{"href":"https:\/\/evadelasal.cat\/index.php\/wp-json\/wp\/v2\/pages"}],"about":[{"href":"https:\/\/evadelasal.cat\/index.php\/wp-json\/wp\/v2\/types\/page"}],"author":[{"embeddable":true,"href":"https:\/\/evadelasal.cat\/index.php\/wp-json\/wp\/v2\/users\/2"}],"replies":[{"embeddable":true,"href":"https:\/\/evadelasal.cat\/index.php\/wp-json\/wp\/v2\/comments?post=40"}],"version-history":[{"count":0,"href":"https:\/\/evadelasal.cat\/index.php\/wp-json\/wp\/v2\/pages\/40\/revisions"}],"wp:attachment":[{"href":"https:\/\/evadelasal.cat\/index.php\/wp-json\/wp\/v2\/media?parent=40"}],"curies":[{"name":"wp","href":"https:\/\/api.w.org\/{rel}","templated":true}]}}